{"id":3663,"date":"2022-08-17T13:42:01","date_gmt":"2022-08-17T11:42:01","guid":{"rendered":"https:\/\/dek.dev.gebruederpixel.at\/companies-products\/"},"modified":"2023-11-02T10:43:23","modified_gmt":"2023-11-02T09:43:23","slug":"companies-products","status":"publish","type":"page","link":"https:\/\/www.energieklima.at\/en\/companies-products\/","title":{"rendered":"Companies &amp; Products"},"content":{"rendered":"<p><div class=\"fusion-fullwidth fullwidth-box fusion-builder-row-1 fusion-flex-container has-pattern-background has-mask-background hundred-percent-fullwidth non-hundred-percent-height-scrolling\" style=\"--awb-border-radius-top-left:0px;--awb-border-radius-top-right:0px;--awb-border-radius-bottom-right:0px;--awb-border-radius-bottom-left:0px;--awb-padding-top:0px;--awb-padding-right:0%;--awb-padding-bottom:0px;--awb-padding-left:0%;--awb-margin-bottom:0px;--awb-flex-wrap:wrap;\" ><div class=\"fusion-builder-row fusion-row fusion-flex-align-items-flex-start fusion-flex-content-wrap\" style=\"width:104% !important;max-width:104% !important;margin-left: calc(-4% \/ 2 );margin-right: calc(-4% \/ 2 );\"><div class=\"fusion-layout-column fusion_builder_column fusion-builder-column-0 fusion_builder_column_1_2 1_2 fusion-flex-column topboxheightisfixed\" style=\"--awb-padding-right:70px;--awb-padding-left:11%;--awb-bg-color:var(--awb-color4);--awb-bg-color-hover:var(--awb-color4);--awb-bg-size:cover;--awb-width-large:50%;--awb-margin-top-large:0px;--awb-spacing-right-large:0%;--awb-margin-bottom-large:0px;--awb-spacing-left-large:3.84%;--awb-width-medium:50%;--awb-order-medium:0;--awb-spacing-right-medium:0%;--awb-spacing-left-medium:3.84%;--awb-width-small:100%;--awb-order-small:0;--awb-spacing-right-small:1.92%;--awb-spacing-left-small:1.92%;\"><div class=\"fusion-column-wrapper fusion-column-has-shadow fusion-flex-justify-content-center fusion-content-layout-column\"><div class=\"fusion-title title fusion-title-1 fusion-sep-none fusion-title-text fusion-title-size-one\" style=\"--awb-text-color:var(--awb-color1);--awb-font-size:50px;\"><h1 class=\"fusion-title-heading title-heading-left fusion-responsive-typography-calculated\" style=\"margin:0;font-size:1em;--fontSize:50;line-height:1.16;\">Companies &amp; Products<\/h1><\/div><div class=\"fusion-text fusion-text-1 fontbolder\" style=\"--awb-font-size:14px;--awb-text-color:var(--awb-color1);\"><p>The environmental technology industry is a forward-looking sector. The product range is diverse.<\/p>\n<p>In the following database you will get an overview of the renewable energy technologies produced in Austria as well as the corresponding planning and engineering companies. Here you will find the best contacts for your investments. The DACHVERBAND ENERGIE-KLIMA will gladly support you in establishing company contacts.<\/p>\n<\/div><\/div><\/div><div class=\"fusion-layout-column fusion_builder_column fusion-builder-column-1 fusion_builder_column_1_2 1_2 fusion-flex-column topboxheightisfixed\" style=\"--awb-bg-image:url(&#039;https:\/\/www.energieklima.at\/wp-content\/uploads\/2023\/11\/shutterstock_794646319-2.jpg&#039;);--awb-bg-size:cover;--awb-width-large:50%;--awb-margin-top-large:0px;--awb-spacing-right-large:3.84%;--awb-margin-bottom-large:0px;--awb-spacing-left-large:0%;--awb-width-medium:50%;--awb-order-medium:0;--awb-spacing-right-medium:3.84%;--awb-spacing-left-medium:0%;--awb-width-small:100%;--awb-order-small:0;--awb-spacing-right-small:1.92%;--awb-spacing-left-small:1.92%;\"><div class=\"fusion-column-wrapper fusion-column-has-shadow fusion-flex-justify-content-flex-start fusion-content-layout-column fusion-empty-column-bg-image fusion-column-has-bg-image\" data-bg-url=\"https:\/\/www.energieklima.at\/wp-content\/uploads\/2023\/11\/shutterstock_794646319-2.jpg\"><img decoding=\"async\" class=\"fusion-empty-dims-img-placeholder\" src=\"data:image\/svg+xml,%3Csvg%20xmlns%3D%27http%3A%2F%2Fwww.w3.org%2F2000%2Fsvg%27%20width%3D%271920%27%20height%3D%271152%27%20viewBox%3D%270%200%201920%201152%27%3E%3Crect%20width%3D%271920%27%20height%3D%271152%27%20fill-opacity%3D%220%22%2F%3E%3C%2Fsvg%3E\"><\/div><\/div><\/div><\/div><div id=\"Entrepreneur network\" class=\"fusion-container-anchor\"><div class=\"fusion-fullwidth fullwidth-box fusion-builder-row-2 fusion-flex-container has-pattern-background has-mask-background nonhundred-percent-fullwidth non-hundred-percent-height-scrolling\" style=\"--awb-border-radius-top-left:0px;--awb-border-radius-top-right:0px;--awb-border-radius-bottom-right:0px;--awb-border-radius-bottom-left:0px;--awb-padding-top-small:50px;--awb-padding-bottom-small:50px;--awb-flex-wrap:wrap;\" ><div class=\"fusion-builder-row fusion-row fusion-flex-align-items-flex-start fusion-flex-content-wrap\" style=\"max-width:1664px;margin-left: calc(-4% \/ 2 );margin-right: calc(-4% \/ 2 );\"><div class=\"fusion-layout-column fusion_builder_column fusion-builder-column-2 fusion_builder_column_1_1 1_1 fusion-flex-column\" style=\"--awb-bg-size:cover;--awb-width-large:100%;--awb-margin-top-large:0px;--awb-spacing-right-large:1.92%;--awb-margin-bottom-large:20px;--awb-spacing-left-large:1.92%;--awb-width-medium:100%;--awb-order-medium:0;--awb-spacing-right-medium:1.92%;--awb-spacing-left-medium:1.92%;--awb-width-small:100%;--awb-order-small:0;--awb-spacing-right-small:1.92%;--awb-spacing-left-small:1.92%;\"><div class=\"fusion-column-wrapper fusion-column-has-shadow fusion-flex-justify-content-flex-start fusion-content-layout-column\"><form class=\"row network__filter\" id=\"network-filter\">\n    <div class=\"col-33\">\n        <input type=\"text\" placeholder=\"Keyword Search\" name=\"search\" value=\"\"\/>\n    <\/div>\n    <div class=\"col-33\">\n        <select name=\"produkte\">\n            <option value=\"\" disabled selected>Products<\/option>\n                            <option value=\"125\">BIOGAS<\/option>\n                                    <option value=\"126\"> -- Biogasanlagen<\/option>\n                                    <option value=\"128\"> -- Biogasanlagen (Beh\u00e4lter)<\/option>\n                                    <option value=\"127\"> -- Biogasanlagen Montage<\/option>\n                                    <option value=\"129\"> -- Biogasspeicher<\/option>\n                                    <option value=\"130\"> -- Blockheizkraftwerke<\/option>\n                                    <option value=\"131\"> -- Dampfkessel<\/option>\n                                    <option value=\"132\"> -- Energieerzeugung und -\u00fcbertragung<\/option>\n                                    <option value=\"133\"> -- Fernw\u00e4rmesysteme<\/option>\n                                    <option value=\"134\"> -- Komponenten Biogasanlagen<\/option>\n                                    <option value=\"135\"> -- KWK-Anlagen<\/option>\n                                    <option value=\"136\"> -- Trockenverg\u00e4rungsanlagen<\/option>\n                                            <option value=\"137\">BIOMASSE<\/option>\n                                    <option value=\"143\"> -- Biomasse Heizkessel<\/option>\n                                    <option value=\"138\"> -- Biomasse-Energiesysteme<\/option>\n                                    <option value=\"139\"> -- Biomasse-Energiesysteme Montage<\/option>\n                                    <option value=\"202\"> -- Dampfkessel<\/option>\n                                    <option value=\"140\"> -- Dampfkessel Industrieservice<\/option>\n                                    <option value=\"141\"> -- Energiekornheizung<\/option>\n                                    <option value=\"142\"> -- Hackgutkessel<\/option>\n                                    <option value=\"144\"> -- Herde f\u00fcr Biomasse<\/option>\n                                    <option value=\"145\"> -- Holzvergaserkessel<\/option>\n                                    <option value=\"146\"> -- Komponenten<\/option>\n                                    <option value=\"203\"> -- KWK-Anlagen<\/option>\n                                    <option value=\"149\"> -- Maschinen zur Pelletserzeugung<\/option>\n                                    <option value=\"147\"> -- Pelletheizungen<\/option>\n                                    <option value=\"148\"> -- Pelletskessel<\/option>\n                                    <option value=\"209\"> -- Technische B\u00fcros f\u00fcr Umweltschutz sowie Ingenieurb\u00fcros in den Bereichen Biotreibstoff, Biogas und Biomasse<\/option>\n                                    <option value=\"150\"> -- Wirbelschichtanlagen<\/option>\n                                            <option value=\"118\">BIOTREIBSTOFF<\/option>\n                                    <option value=\"119\"> -- Biodieselanlagen<\/option>\n                                    <option value=\"120\"> -- Biodieselanlagen Montage<\/option>\n                                    <option value=\"121\"> -- Biokraftstoffaufbereitungsanlagen<\/option>\n                                    <option value=\"122\"> -- \u00d6lm\u00fchlen<\/option>\n                                    <option value=\"123\"> -- \u00d6lsaatverarbeitungstechnologie<\/option>\n                                    <option value=\"124\"> -- Raffinerien<\/option>\n                                            <option value=\"154\">PHOTOVOLTAIK<\/option>\n                                    <option value=\"155\"> -- Dachsysteme<\/option>\n                                    <option value=\"156\"> -- Photovoltaik Komponenten<\/option>\n                                    <option value=\"157\"> -- Photovoltaik Modulhersteller<\/option>\n                                    <option value=\"158\"> -- Stromspeicher<\/option>\n                                    <option value=\"210\"> -- Technische B\u00fcros f\u00fcr Photovoltaik; Energieeffizienz &amp; Energieberatung sowie Ingenieurb\u00fcros in den Bereichen Photovoltaik und erneuerbare Energien<\/option>\n                                    <option value=\"159\"> -- Wechselrichter<\/option>\n                                            <option value=\"163\">SOLARTHERMIE<\/option>\n                                    <option value=\"164\"> -- Absorber<\/option>\n                                    <option value=\"165\"> -- Fassadenkollektoren<\/option>\n                                    <option value=\"166\"> -- Flachkollektoren<\/option>\n                                    <option value=\"167\"> -- Heizungspumpen<\/option>\n                                    <option value=\"168\"> -- Kupferrohre und Fittings<\/option>\n                                    <option value=\"169\"> -- Schwimmbadtechnik<\/option>\n                                    <option value=\"170\"> -- Solargl\u00e4ser<\/option>\n                                    <option value=\"171\"> -- Solarpumpen<\/option>\n                                    <option value=\"172\"> -- Solarregler<\/option>\n                                    <option value=\"173\"> -- Solarsensoren<\/option>\n                                    <option value=\"174\"> -- Solarsysteme<\/option>\n                                    <option value=\"211\"> -- Technische B\u00fcros f\u00fcr Solarthermie sowie Ingenieurb\u00fcros in den Bereichen Solarthermie<\/option>\n                                    <option value=\"175\"> -- Vakuumr\u00f6hrenkollektor<\/option>\n                                    <option value=\"176\"> -- Wohnungsstationen<\/option>\n                                            <option value=\"178\">W\u00c4RMEPUMPEN<\/option>\n                                    <option value=\"180\"> -- Ingenieurb\u00fcros<\/option>\n                                    <option value=\"179\"> -- W\u00e4rmepumpenproduzenten<\/option>\n                                            <option value=\"181\">WASSERKRAFT<\/option>\n                                    <option value=\"182\"> -- Francis Turbinen<\/option>\n                                    <option value=\"194\"> -- Gezeitenenergie<\/option>\n                                    <option value=\"207\"> -- Ingenieurb\u00fcros<\/option>\n                                    <option value=\"183\"> -- Kaplan Turbinen<\/option>\n                                    <option value=\"185\"> -- Kleinkraftwerke mobil<\/option>\n                                    <option value=\"192\"> -- Kleinwasserkraftwerke<\/option>\n                                    <option value=\"184\"> -- Pelton Turbinen<\/option>\n                                    <option value=\"187\"> -- Rohrleitungsbau f\u00fcr Kraftwerke<\/option>\n                                    <option value=\"188\"> -- Stahlwasserbau<\/option>\n                                    <option value=\"189\"> -- Trinkwasserkraftwerke<\/option>\n                                    <option value=\"190\"> -- Turbinenbau<\/option>\n                                    <option value=\"186\"> -- Wasserkraft Komponenten<\/option>\n                                    <option value=\"191\"> -- Wasserkraftwerke inklusive<\/option>\n                                    <option value=\"193\"> -- Wehranlagen<\/option>\n                                            <option value=\"195\">WIND<\/option>\n                                    <option value=\"208\"> -- Ingenieurb\u00fcros<\/option>\n                                    <option value=\"198\"> -- Komponenten f\u00fcr Windenergie<\/option>\n                                    <option value=\"196\"> -- Windenergieanlagen<\/option>\n                                    <option value=\"197\"> -- Windr\u00e4der<\/option>\n                                    <\/select>\n    <\/div>\n\n\n    <div class=\"col-33\">\n\n        <select name=\"bundesland\">\n            <option value=\"\" disabled selected>State<\/option>\n                            <option value=\"1\">Burgenland<\/option>\n                            <option value=\"2\">K\u00e4rnten<\/option>\n                            <option value=\"3\">Nieder\u00f6sterreich<\/option>\n                            <option value=\"4\">Ober\u00f6sterreich<\/option>\n                            <option value=\"5\">Salzburg<\/option>\n                            <option value=\"6\">Steiermark<\/option>\n                            <option value=\"7\">Tirol<\/option>\n                            <option value=\"8\">Vorarlberg<\/option>\n                            <option value=\"9\">Wien<\/option>\n                    <\/select>\n    <\/div>\n\n    <div class=\"col-33\">\n        <button type=\"reset\" id=\"network__filter__reset\" class=\"fusion-button button-flat fusion-button-default-size button-custom\n        fusion-button-default button-3 fusion-button-default-span fusion-button-default-type mobile-100-width boldbutton fusion-has-button-gradient\"> Filter&nbsp;zur\u00fccksetzen<\/button>\n    <\/div>\n\n<\/form>\n\n<span class=\"dve-list-count\">295 Ergebnisse<\/span>\n<div class=\"row network__headline mobile-hidden\">\n    <div class=\"col-33\"><h2 style=\"text-transform:uppercase\">Company<\/h2><\/div>\n    <div class=\"col-33\"><h2 style=\"text-transform:uppercase\">Contact<\/h2><\/div>\n    <div class=\"col-33\"><h2 style=\"text-transform:uppercase\">Area\/Sector<\/h2><\/div>\n<\/div>\n<div class=\"network__entries\">\n\n<\/div>\n\n<\/div><\/div><\/div><\/div><\/div><\/p>\n","protected":false},"excerpt":{"rendered":"","protected":false},"author":1,"featured_media":0,"parent":0,"menu_order":0,"comment_status":"closed","ping_status":"closed","template":"100-width.php","meta":{"_acf_changed":false,"footnotes":""},"class_list":["post-3663","page","type-page","status-publish","hentry"],"acf":[],"yoast_head":"<!-- This site is optimized with the Yoast SEO plugin v27.2 - https:\/\/yoast.com\/product\/yoast-seo-wordpress\/ -->\n<title>Companies &amp; Products - Dachverband Energie-Klima<\/title>\n<meta name=\"description\" content=\"The environmental technology industry is a forward-looking field. The range of products is broad. Learn more about environmentally friendly technologies and sustainable services.\" \/>\n<meta name=\"robots\" content=\"index, follow, max-snippet:-1, max-image-preview:large, max-video-preview:-1\" \/>\n<link rel=\"canonical\" href=\"https:\/\/www.energieklima.at\/en\/companies-products\/\" \/>\n<meta property=\"og:locale\" content=\"en_US\" \/>\n<meta property=\"og:type\" content=\"article\" \/>\n<meta property=\"og:title\" content=\"Companies &amp; Products - Dachverband Energie-Klima\" \/>\n<meta property=\"og:description\" content=\"The environmental technology industry is a forward-looking field. The range of products is broad. Learn more about environmentally friendly technologies and sustainable services.\" \/>\n<meta property=\"og:url\" content=\"https:\/\/www.energieklima.at\/en\/companies-products\/\" \/>\n<meta property=\"og:site_name\" content=\"Dachverband Energie-Klima\" \/>\n<meta property=\"article:modified_time\" content=\"2023-11-02T09:43:23+00:00\" \/>\n<meta property=\"og:image\" content=\"https:\/\/www.energieklima.at\/wp-content\/uploads\/2023\/06\/Open-Graph-Image-600x315.jpg\" \/>\n<meta name=\"twitter:card\" content=\"summary_large_image\" \/>\n<meta name=\"twitter:image\" content=\"https:\/\/www.energieklima.at\/wp-content\/uploads\/2023\/06\/Open-Graph-Image-600x315.jpg\" \/>\n<meta name=\"twitter:label1\" content=\"Est. reading time\" \/>\n\t<meta name=\"twitter:data1\" content=\"7 minutes\" \/>\n<script type=\"application\/ld+json\" class=\"yoast-schema-graph\">{\"@context\":\"https:\/\/schema.org\",\"@graph\":[{\"@type\":\"WebPage\",\"@id\":\"https:\/\/www.energieklima.at\/en\/companies-products\/\",\"url\":\"https:\/\/www.energieklima.at\/en\/companies-products\/\",\"name\":\"Companies &amp; Products - Dachverband Energie-Klima\",\"isPartOf\":{\"@id\":\"https:\/\/www.energieklima.at\/en\/#website\"},\"datePublished\":\"2022-08-17T11:42:01+00:00\",\"dateModified\":\"2023-11-02T09:43:23+00:00\",\"description\":\"The environmental technology industry is a forward-looking field. The range of products is broad. Learn more about environmentally friendly technologies and sustainable services.\",\"breadcrumb\":{\"@id\":\"https:\/\/www.energieklima.at\/en\/companies-products\/#breadcrumb\"},\"inLanguage\":\"en-US\",\"potentialAction\":[{\"@type\":\"ReadAction\",\"target\":[\"https:\/\/www.energieklima.at\/en\/companies-products\/\"]}]},{\"@type\":\"BreadcrumbList\",\"@id\":\"https:\/\/www.energieklima.at\/en\/companies-products\/#breadcrumb\",\"itemListElement\":[{\"@type\":\"ListItem\",\"position\":1,\"name\":\"Startseite\",\"item\":\"https:\/\/www.energieklima.at\/en\/\"},{\"@type\":\"ListItem\",\"position\":2,\"name\":\"Companies &amp; Products\"}]},{\"@type\":\"WebSite\",\"@id\":\"https:\/\/www.energieklima.at\/en\/#website\",\"url\":\"https:\/\/www.energieklima.at\/en\/\",\"name\":\"Automotive Zulieferindustrie\",\"description\":\"Eine Arbeitsgemeinschaft in der Wirtschaftskammer \u00d6sterreich mit dem Fokus auf erneuerbare Energien, Klimaschutz und Energieeffizienz.\",\"publisher\":{\"@id\":\"https:\/\/www.energieklima.at\/en\/#organization\"},\"alternateName\":\"ARGE-Auto\",\"potentialAction\":[{\"@type\":\"SearchAction\",\"target\":{\"@type\":\"EntryPoint\",\"urlTemplate\":\"https:\/\/www.energieklima.at\/en\/?s={search_term_string}\"},\"query-input\":{\"@type\":\"PropertyValueSpecification\",\"valueRequired\":true,\"valueName\":\"search_term_string\"}}],\"inLanguage\":\"en-US\"},{\"@type\":\"Organization\",\"@id\":\"https:\/\/www.energieklima.at\/en\/#organization\",\"name\":\"Automotive Zulieferindustrie\",\"alternateName\":\"ARGE-Auto\",\"url\":\"https:\/\/www.energieklima.at\/en\/\",\"logo\":{\"@type\":\"ImageObject\",\"inLanguage\":\"en-US\",\"@id\":\"https:\/\/www.energieklima.at\/en\/#\/schema\/logo\/image\/\",\"url\":\"\",\"contentUrl\":\"\",\"caption\":\"Automotive Zulieferindustrie\"},\"image\":{\"@id\":\"https:\/\/www.energieklima.at\/en\/#\/schema\/logo\/image\/\"}}]}<\/script>\n<!-- \/ Yoast SEO plugin. -->","yoast_head_json":{"title":"Companies &amp; Products - Dachverband Energie-Klima","description":"The environmental technology industry is a forward-looking field. The range of products is broad. Learn more about environmentally friendly technologies and sustainable services.","robots":{"index":"index","follow":"follow","max-snippet":"max-snippet:-1","max-image-preview":"max-image-preview:large","max-video-preview":"max-video-preview:-1"},"canonical":"https:\/\/www.energieklima.at\/en\/companies-products\/","og_locale":"en_US","og_type":"article","og_title":"Companies &amp; Products - Dachverband Energie-Klima","og_description":"The environmental technology industry is a forward-looking field. The range of products is broad. Learn more about environmentally friendly technologies and sustainable services.","og_url":"https:\/\/www.energieklima.at\/en\/companies-products\/","og_site_name":"Dachverband Energie-Klima","article_modified_time":"2023-11-02T09:43:23+00:00","og_image":[{"url":"https:\/\/www.energieklima.at\/wp-content\/uploads\/2023\/06\/Open-Graph-Image-600x315.jpg","type":"","width":"","height":""}],"twitter_card":"summary_large_image","twitter_image":"https:\/\/www.energieklima.at\/wp-content\/uploads\/2023\/06\/Open-Graph-Image-600x315.jpg","twitter_misc":{"Est. reading time":"7 minutes"},"schema":{"@context":"https:\/\/schema.org","@graph":[{"@type":"WebPage","@id":"https:\/\/www.energieklima.at\/en\/companies-products\/","url":"https:\/\/www.energieklima.at\/en\/companies-products\/","name":"Companies &amp; Products - Dachverband Energie-Klima","isPartOf":{"@id":"https:\/\/www.energieklima.at\/en\/#website"},"datePublished":"2022-08-17T11:42:01+00:00","dateModified":"2023-11-02T09:43:23+00:00","description":"The environmental technology industry is a forward-looking field. The range of products is broad. Learn more about environmentally friendly technologies and sustainable services.","breadcrumb":{"@id":"https:\/\/www.energieklima.at\/en\/companies-products\/#breadcrumb"},"inLanguage":"en-US","potentialAction":[{"@type":"ReadAction","target":["https:\/\/www.energieklima.at\/en\/companies-products\/"]}]},{"@type":"BreadcrumbList","@id":"https:\/\/www.energieklima.at\/en\/companies-products\/#breadcrumb","itemListElement":[{"@type":"ListItem","position":1,"name":"Startseite","item":"https:\/\/www.energieklima.at\/en\/"},{"@type":"ListItem","position":2,"name":"Companies &amp; Products"}]},{"@type":"WebSite","@id":"https:\/\/www.energieklima.at\/en\/#website","url":"https:\/\/www.energieklima.at\/en\/","name":"Automotive Zulieferindustrie","description":"Eine Arbeitsgemeinschaft in der Wirtschaftskammer \u00d6sterreich mit dem Fokus auf erneuerbare Energien, Klimaschutz und Energieeffizienz.","publisher":{"@id":"https:\/\/www.energieklima.at\/en\/#organization"},"alternateName":"ARGE-Auto","potentialAction":[{"@type":"SearchAction","target":{"@type":"EntryPoint","urlTemplate":"https:\/\/www.energieklima.at\/en\/?s={search_term_string}"},"query-input":{"@type":"PropertyValueSpecification","valueRequired":true,"valueName":"search_term_string"}}],"inLanguage":"en-US"},{"@type":"Organization","@id":"https:\/\/www.energieklima.at\/en\/#organization","name":"Automotive Zulieferindustrie","alternateName":"ARGE-Auto","url":"https:\/\/www.energieklima.at\/en\/","logo":{"@type":"ImageObject","inLanguage":"en-US","@id":"https:\/\/www.energieklima.at\/en\/#\/schema\/logo\/image\/","url":"","contentUrl":"","caption":"Automotive Zulieferindustrie"},"image":{"@id":"https:\/\/www.energieklima.at\/en\/#\/schema\/logo\/image\/"}}]}},"_links":{"self":[{"href":"https:\/\/www.energieklima.at\/en\/wp-json\/wp\/v2\/pages\/3663","targetHints":{"allow":["GET"]}}],"collection":[{"href":"https:\/\/www.energieklima.at\/en\/wp-json\/wp\/v2\/pages"}],"about":[{"href":"https:\/\/www.energieklima.at\/en\/wp-json\/wp\/v2\/types\/page"}],"author":[{"embeddable":true,"href":"https:\/\/www.energieklima.at\/en\/wp-json\/wp\/v2\/users\/1"}],"replies":[{"embeddable":true,"href":"https:\/\/www.energieklima.at\/en\/wp-json\/wp\/v2\/comments?post=3663"}],"version-history":[{"count":4,"href":"https:\/\/www.energieklima.at\/en\/wp-json\/wp\/v2\/pages\/3663\/revisions"}],"predecessor-version":[{"id":3980,"href":"https:\/\/www.energieklima.at\/en\/wp-json\/wp\/v2\/pages\/3663\/revisions\/3980"}],"wp:attachment":[{"href":"https:\/\/www.energieklima.at\/en\/wp-json\/wp\/v2\/media?parent=3663"}],"curies":[{"name":"wp","href":"https:\/\/api.w.org\/{rel}","templated":true}]}}